{"id":1945,"date":"2020-05-14T13:40:23","date_gmt":"2020-05-14T13:40:23","guid":{"rendered":"https:\/\/visbook.com\/contact\/"},"modified":"2025-09-10T11:12:41","modified_gmt":"2025-09-10T09:12:41","slug":"contact","status":"publish","type":"page","link":"https:\/\/visbook.com\/no\/contact\/","title":{"rendered":"Contact"},"content":{"rendered":"\t\t<div data-elementor-type=\"wp-page\" data-elementor-id=\"1945\" class=\"elementor elementor-1945 elementor-15\" data-elementor-post-type=\"page\">\n\t\t\t\t<div class=\"elementor-element elementor-element-16dbcd9c e-flex e-con-boxed e-con e-parent\" data-id=\"16dbcd9c\" data-element_type=\"container\">\n\t\t\t\t\t<div class=\"e-con-inner\">\n\t\t<div class=\"elementor-element elementor-element-2efc76a9 e-con-full e-flex e-con e-child\" data-id=\"2efc76a9\" data-element_type=\"container\">\n\t\t<div class=\"elementor-element elementor-element-75f506c9 e-con-full e-flex e-con e-child\" data-id=\"75f506c9\" data-element_type=\"container\">\n\t\t\t\t<div class=\"elementor-element elementor-element-35c4071d elementor-widget elementor-widget-wp-widget-custom_html\" data-id=\"35c4071d\" data-element_type=\"widget\" data-widget_type=\"wp-widget-custom_html.default\">\n\t\t\t\t<div class=\"elementor-widget-container\">\n\t\t\t<div class=\"textwidget custom-html-widget\"><section class=\"contact-clean\" aria-labelledby=\"contact-clean-title\">\r\n  <h2 id=\"contact-clean-title\">Kontakt oss<\/h2>\r\n\r\n  <p class=\"lead\">\r\n    Har du et sp\u00f8rsm\u00e5l eller trenger du hjelp? V\u00e5re dedikerte team er her for \u00e5 bist\u00e5 \u2013 enten du \u00f8nsker \u00e5 l\u00f8fte bedriften din til neste niv\u00e5, eller om du allerede er kunde og har behov for support. Send oss en e-post, s\u00e5 tar vi kontakt med deg.\r\n  <\/p>\r\n\r\n  <div class=\"cards\" role=\"list\">\r\n    <!-- SALES -->\r\n    <article class=\"card\" role=\"listitem\">\r\n      <div class=\"icon-top\" aria-hidden=\"true\">\r\n        <!-- FA6 (fa-solid) + FA5 (fas) -->\r\n        <i class=\"fa-solid fas fa-headphones\" aria-hidden=\"true\"><\/i>\r\n      <\/div>\r\n      <h3><a href=\"#salg\" id=\"salg\" class=\"heading-link\"><i class=\"fa fa-link\"><\/i><\/a>Salg<\/h3>\r\n      <p>\r\n        <a href=\"https:\/\/visbook.com\/free-demo\/\" target=\"_blank\" rel=\"noopener\">Book en gratis demo<\/a><br><br>\r\n        Vil du se hvordan VisBook fungerer?\r\n        <a href=\"https:\/\/visbook.com\/free-demo\/\" target=\"_blank\" rel=\"noopener\">Fyll ut skjemaet<\/a>, s\u00e5 tar v\u00e5r selger kontakt med deg for en demo.\r\n      <\/p>\r\n    <\/article>\r\n\r\n   <!-- CUSTOMER SUPPORT -->\r\n<article class=\"card\" role=\"listitem\">\r\n  <div class=\"icon-top\" aria-hidden=\"true\">\r\n    <!-- FA6 solid + FA5 solid fallback -->\r\n    <i class=\"fa-solid fas fa-face-smile fa-smile\" aria-hidden=\"true\"><\/i>\r\n  <\/div>\r\n  <h3><a href=\"#support\" id=\"support\" class=\"heading-link\"><i class=\"fa fa-link\"><\/i><\/a>Support<\/h3>\r\n  <p class=\"email\"><a href=\"mailto:support@visbook.com\">support@visbook.com<\/a><\/p>\r\n  <p>\r\n    Logg inn i v\u00e5r <a href=\"https:\/\/jwt.visbook.com\/zendesk\/login2\" target=\"_blank\" rel=\"noopener\">kundeportal<\/a>\r\n    for \u00e5 legge inn en support henvendelse, chat med support, eller for f\u00e5 tilgang til mange av v\u00e5re guider og artikler.\r\n  <\/p>\r\n<\/article>\r\n\r\n    <!-- PARTNERS -->\r\n    <article class=\"card\" role=\"listitem\">\r\n      <div class=\"icon-top\" aria-hidden=\"true\">\r\n        <!-- Use free link icon instead of Pro-only circles-overlap -->\r\n        <i class=\"fa-solid fas fa-link\" aria-hidden=\"true\"><\/i>\r\n      <\/div>\r\n      <h3><a href=\"#partnere\" id=\"partnere\" class=\"heading-link\"><i class=\"fa fa-link\"><\/i><\/a>Partnere<\/h3>\r\n      <p class=\"email\"><a href=\"mailto:partners@visit.com\">partners@visit.com<\/a><\/p>\r\n      <p>\r\n        Interessert i \u00e5 bli partner med Visit Group?\r\n        Fyll ut <a href=\"https:\/\/hello.visitgroup.com\/become-a-partner\" target=\"_blank\" rel=\"noopener\">skjema<\/a>, s\u00e5 tar vi kontakt.\r\n      <\/p>\r\n    <\/article>\r\n  <\/div>\r\n<\/section>\r\n<\/div>\t\t<\/div>\n\t\t\t\t<\/div>\n\t\t\t\t<div class=\"elementor-element elementor-element-9e0821e elementor-widget elementor-widget-wp-widget-custom_html\" data-id=\"9e0821e\" data-element_type=\"widget\" data-widget_type=\"wp-widget-custom_html.default\">\n\t\t\t\t<div class=\"elementor-widget-container\">\n\t\t\t<div class=\"textwidget custom-html-widget\"><div class=\"call-us-box\">\r\n  <h2><a href=\"#ring-oss\" id=\"ring-oss\" class=\"heading-link\"><i class=\"fa fa-link\"><\/i><\/a>Ring oss<\/h2>\r\n  <p>N\u00e5r du ringer oss, kan du velge om du vil snakke med v\u00e5rt salgsteam eller support.<\/p>\r\n\r\n  <div class=\"call-grid\">\r\n    <div class=\"call-item\">\r\n      <div class=\"call-flag\">NO<\/div>\r\n      <div class=\"call-text\">\r\n        <strong>Norge<\/strong>\r\n        <span>+47 62 48 49 80<\/span>\r\n      <\/div>\r\n    <\/div>\r\n\r\n    <div class=\"call-item\">\r\n      <div class=\"call-flag\">SE<\/div>\r\n      <div class=\"call-text\">\r\n        <strong>Sverige<\/strong>\r\n        <span>+46 (0)31 711 7500<\/span>\r\n      <\/div>\r\n    <\/div>\r\n\r\n    <div class=\"call-item\">\r\n      <div class=\"call-flag\">DK<\/div>\r\n      <div class=\"call-text\">\r\n        <strong>Danmark<\/strong>\r\n        <span>+45 70 80 12 90<\/span>\r\n      <\/div>\r\n    <\/div>\r\n\r\n    <div class=\"call-item\">\r\n      <div class=\"call-flag\">UK<\/div>\r\n      <div class=\"call-text\">\r\n        <strong>UK<\/strong>\r\n        <span>+44 (0)20 3868 1894<\/span>\r\n      <\/div>\r\n    <\/div>\r\n  <\/div>\r\n<\/div>\r\n<\/div>\t\t<\/div>\n\t\t\t\t<\/div>\n\t\t\t\t<\/div>\n\t\t\t\t<div class=\"elementor-element elementor-element-2a1cabd elementor-widget elementor-widget-wp-widget-custom_html\" data-id=\"2a1cabd\" data-element_type=\"widget\" data-widget_type=\"wp-widget-custom_html.default\">\n\t\t\t\t<div class=\"elementor-widget-container\">\n\t\t\t<div class=\"textwidget custom-html-widget\"><section class=\"offices-wrap\" aria-labelledby=\"offices-title\">\r\n  <h2 id=\"offices-title\" class=\"offices-title elementor-heading-title\">V\u00e5re kontorer<\/h2>\r\n  <p class=\"section-description\">\r\n    Du kan finne oss p\u00e5 disse adressene i Sverige og Norge.\r\n  <\/p>\r\n\r\n  <div class=\"office-grid\">\r\n    <!-- Sweden -->\r\n    <article class=\"office-card\">\r\n      <a href=\"https:\/\/www.google.com\/maps?q=Packhusplatsen+2,+411+13+G\u00f6teborg\" target=\"_blank\" rel=\"noopener\">\r\n        <div class=\"info\">\r\n          <p class=\"address\">Packhusplatsen 2, 411 13 G\u00f8teborg<\/p>\r\n          <p class=\"country\">Sverige<\/p>\r\n        <\/div>\r\n      <\/a>\r\n    <\/article>\r\n\r\n    <!-- Norway (Oppdal) -->\r\n    <article class=\"office-card\">\r\n      <a href=\"https:\/\/www.google.com\/maps?q=Inge+Krokanns+veg+3,+7340+Oppdal\" target=\"_blank\" rel=\"noopener\">\r\n        <div class=\"info\">\r\n          <p class=\"address\">Inge Krokanns veg 3, 7340 Oppdal<\/p>\r\n          <p class=\"country\">Norge<\/p>\r\n        <\/div>\r\n      <\/a>\r\n    <\/article>\r\n\r\n    <!-- Norway (Kvikne) -->\r\n<article class=\"office-card\">\r\n  <a href=\"https:\/\/www.google.com\/maps?q=Haugan+22,+2512+Kvikne\" target=\"_blank\" rel=\"noopener\">\r\n    <p class=\"address\">Haugan 22, 2512<br>Kvikne<\/p>\r\n    <p class=\"country\">Norge<\/p>\r\n  <\/a>\r\n<\/article>\r\n<\/div>\t\t<\/div>\n\t\t\t\t<\/div>\n\t\t\t\t<\/div>\n\t\t\t\t<div class=\"elementor-element elementor-element-6df1f997 elementor-widget elementor-widget-wp-widget-custom_html\" data-id=\"6df1f997\" data-element_type=\"widget\" data-widget_type=\"wp-widget-custom_html.default\">\n\t\t\t\t<div class=\"elementor-widget-container\">\n\t\t\t<div class=\"textwidget custom-html-widget\"><\/div>\t\t<\/div>\n\t\t\t\t<\/div>\n\t\t\t\t\t<\/div>\n\t\t\t\t<\/div>\n\t\t\t\t<\/div>\n\t\t","protected":false},"excerpt":{"rendered":"","protected":false},"author":14,"featured_media":0,"parent":0,"menu_order":0,"comment_status":"closed","ping_status":"closed","template":"elementor_header_footer","meta":{"_acf_changed":false,"content-type":"","footnotes":""},"class_list":["post-1945","page","type-page","status-publish","hentry"],"acf":[],"yoast_head":"<!-- This site is optimized with the Yoast SEO plugin v27.6 - https:\/\/yoast.com\/product\/yoast-seo-wordpress\/ -->\n<title>Contact - VisBook<\/title>\n<meta name=\"robots\" content=\"index, follow, max-snippet:-1, max-image-preview:large, max-video-preview:-1\" \/>\n<link rel=\"canonical\" href=\"https:\/\/visbook.com\/no\/contact\/\" \/>\n<meta property=\"og:locale\" content=\"nb_NO\" \/>\n<meta property=\"og:type\" content=\"article\" \/>\n<meta property=\"og:title\" content=\"Contact - VisBook\" \/>\n<meta property=\"og:url\" content=\"https:\/\/visbook.com\/no\/contact\/\" \/>\n<meta property=\"og:site_name\" content=\"VisBook\" \/>\n<meta property=\"article:publisher\" content=\"https:\/\/www.facebook.com\/VisBookNorge\/\" \/>\n<meta property=\"article:modified_time\" content=\"2025-09-10T09:12:41+00:00\" \/>\n<meta name=\"twitter:card\" content=\"summary_large_image\" \/>\n<meta name=\"twitter:label1\" content=\"Ansl. lesetid\" \/>\n\t<meta name=\"twitter:data1\" content=\"2 minutter\" \/>\n<script type=\"application\/ld+json\" class=\"yoast-schema-graph\">{\"@context\":\"https:\\\/\\\/schema.org\",\"@graph\":[{\"@type\":\"WebPage\",\"@id\":\"https:\\\/\\\/visbook.com\\\/no\\\/contact\\\/\",\"url\":\"https:\\\/\\\/visbook.com\\\/no\\\/contact\\\/\",\"name\":\"Contact - VisBook\",\"isPartOf\":{\"@id\":\"https:\\\/\\\/visbook.com\\\/no\\\/#website\"},\"datePublished\":\"2020-05-14T13:40:23+00:00\",\"dateModified\":\"2025-09-10T09:12:41+00:00\",\"breadcrumb\":{\"@id\":\"https:\\\/\\\/visbook.com\\\/no\\\/contact\\\/#breadcrumb\"},\"inLanguage\":\"nb-NO\",\"potentialAction\":[{\"@type\":\"ReadAction\",\"target\":[\"https:\\\/\\\/visbook.com\\\/no\\\/contact\\\/\"]}]},{\"@type\":\"BreadcrumbList\",\"@id\":\"https:\\\/\\\/visbook.com\\\/no\\\/contact\\\/#breadcrumb\",\"itemListElement\":[{\"@type\":\"ListItem\",\"position\":1,\"name\":\"Home\",\"item\":\"https:\\\/\\\/visbook.com\\\/no\\\/\"},{\"@type\":\"ListItem\",\"position\":2,\"name\":\"Contact\"}]},{\"@type\":\"WebSite\",\"@id\":\"https:\\\/\\\/visbook.com\\\/no\\\/#website\",\"url\":\"https:\\\/\\\/visbook.com\\\/no\\\/\",\"name\":\"Visbook\",\"description\":\"Less admin. More fun.\",\"publisher\":{\"@id\":\"https:\\\/\\\/visbook.com\\\/no\\\/#organization\"},\"potentialAction\":[{\"@type\":\"SearchAction\",\"target\":{\"@type\":\"EntryPoint\",\"urlTemplate\":\"https:\\\/\\\/visbook.com\\\/no\\\/?s={search_term_string}\"},\"query-input\":{\"@type\":\"PropertyValueSpecification\",\"valueRequired\":true,\"valueName\":\"search_term_string\"}}],\"inLanguage\":\"nb-NO\"},{\"@type\":\"Organization\",\"@id\":\"https:\\\/\\\/visbook.com\\\/no\\\/#organization\",\"name\":\"VisbookAB\",\"url\":\"https:\\\/\\\/visbook.com\\\/no\\\/\",\"logo\":{\"@type\":\"ImageObject\",\"inLanguage\":\"nb-NO\",\"@id\":\"https:\\\/\\\/visbook.com\\\/no\\\/#\\\/schema\\\/logo\\\/image\\\/\",\"url\":\"https:\\\/\\\/visbook.com\\\/wp-content\\\/uploads\\\/2020\\\/05\\\/Visbook_Liggande_Vit.png\",\"contentUrl\":\"https:\\\/\\\/visbook.com\\\/wp-content\\\/uploads\\\/2020\\\/05\\\/Visbook_Liggande_Vit.png\",\"width\":789,\"height\":122,\"caption\":\"VisbookAB\"},\"image\":{\"@id\":\"https:\\\/\\\/visbook.com\\\/no\\\/#\\\/schema\\\/logo\\\/image\\\/\"},\"sameAs\":[\"https:\\\/\\\/www.facebook.com\\\/VisBookNorge\\\/\",\"https:\\\/\\\/www.instagram.com\\\/visbookgroup\\\/\",\"https:\\\/\\\/www.linkedin.com\\\/company\\\/visbook-as\\\/\"]}]}<\/script>\n<!-- \/ Yoast SEO plugin. -->","yoast_head_json":{"title":"Contact - VisBook","robots":{"index":"index","follow":"follow","max-snippet":"max-snippet:-1","max-image-preview":"max-image-preview:large","max-video-preview":"max-video-preview:-1"},"canonical":"https:\/\/visbook.com\/no\/contact\/","og_locale":"nb_NO","og_type":"article","og_title":"Contact - VisBook","og_url":"https:\/\/visbook.com\/no\/contact\/","og_site_name":"VisBook","article_publisher":"https:\/\/www.facebook.com\/VisBookNorge\/","article_modified_time":"2025-09-10T09:12:41+00:00","twitter_card":"summary_large_image","twitter_misc":{"Ansl. lesetid":"2 minutter"},"schema":{"@context":"https:\/\/schema.org","@graph":[{"@type":"WebPage","@id":"https:\/\/visbook.com\/no\/contact\/","url":"https:\/\/visbook.com\/no\/contact\/","name":"Contact - VisBook","isPartOf":{"@id":"https:\/\/visbook.com\/no\/#website"},"datePublished":"2020-05-14T13:40:23+00:00","dateModified":"2025-09-10T09:12:41+00:00","breadcrumb":{"@id":"https:\/\/visbook.com\/no\/contact\/#breadcrumb"},"inLanguage":"nb-NO","potentialAction":[{"@type":"ReadAction","target":["https:\/\/visbook.com\/no\/contact\/"]}]},{"@type":"BreadcrumbList","@id":"https:\/\/visbook.com\/no\/contact\/#breadcrumb","itemListElement":[{"@type":"ListItem","position":1,"name":"Home","item":"https:\/\/visbook.com\/no\/"},{"@type":"ListItem","position":2,"name":"Contact"}]},{"@type":"WebSite","@id":"https:\/\/visbook.com\/no\/#website","url":"https:\/\/visbook.com\/no\/","name":"Visbook","description":"Less admin. More fun.","publisher":{"@id":"https:\/\/visbook.com\/no\/#organization"},"potentialAction":[{"@type":"SearchAction","target":{"@type":"EntryPoint","urlTemplate":"https:\/\/visbook.com\/no\/?s={search_term_string}"},"query-input":{"@type":"PropertyValueSpecification","valueRequired":true,"valueName":"search_term_string"}}],"inLanguage":"nb-NO"},{"@type":"Organization","@id":"https:\/\/visbook.com\/no\/#organization","name":"VisbookAB","url":"https:\/\/visbook.com\/no\/","logo":{"@type":"ImageObject","inLanguage":"nb-NO","@id":"https:\/\/visbook.com\/no\/#\/schema\/logo\/image\/","url":"https:\/\/visbook.com\/wp-content\/uploads\/2020\/05\/Visbook_Liggande_Vit.png","contentUrl":"https:\/\/visbook.com\/wp-content\/uploads\/2020\/05\/Visbook_Liggande_Vit.png","width":789,"height":122,"caption":"VisbookAB"},"image":{"@id":"https:\/\/visbook.com\/no\/#\/schema\/logo\/image\/"},"sameAs":["https:\/\/www.facebook.com\/VisBookNorge\/","https:\/\/www.instagram.com\/visbookgroup\/","https:\/\/www.linkedin.com\/company\/visbook-as\/"]}]}},"_links":{"self":[{"href":"https:\/\/visbook.com\/no\/wp-json\/wp\/v2\/pages\/1945","targetHints":{"allow":["GET"]}}],"collection":[{"href":"https:\/\/visbook.com\/no\/wp-json\/wp\/v2\/pages"}],"about":[{"href":"https:\/\/visbook.com\/no\/wp-json\/wp\/v2\/types\/page"}],"author":[{"embeddable":true,"href":"https:\/\/visbook.com\/no\/wp-json\/wp\/v2\/users\/14"}],"replies":[{"embeddable":true,"href":"https:\/\/visbook.com\/no\/wp-json\/wp\/v2\/comments?post=1945"}],"version-history":[{"count":24,"href":"https:\/\/visbook.com\/no\/wp-json\/wp\/v2\/pages\/1945\/revisions"}],"predecessor-version":[{"id":10018,"href":"https:\/\/visbook.com\/no\/wp-json\/wp\/v2\/pages\/1945\/revisions\/10018"}],"wp:attachment":[{"href":"https:\/\/visbook.com\/no\/wp-json\/wp\/v2\/media?parent=1945"}],"curies":[{"name":"wp","href":"https:\/\/api.w.org\/{rel}","templated":true}]}}