{"id":1946,"date":"2020-05-14T13:40:23","date_gmt":"2020-05-14T13:40:23","guid":{"rendered":"https:\/\/visbook.com\/contact\/"},"modified":"2025-09-08T15:33:27","modified_gmt":"2025-09-08T13:33:27","slug":"kontakt","status":"publish","type":"page","link":"https:\/\/visbook.com\/sv\/kontakt\/","title":{"rendered":"Kontakt"},"content":{"rendered":"\t\t<div data-elementor-type=\"wp-page\" data-elementor-id=\"1946\" class=\"elementor elementor-1946 elementor-15\" data-elementor-post-type=\"page\">\n\t\t\t\t<div class=\"elementor-element elementor-element-16d7074b e-flex e-con-boxed e-con e-parent\" data-id=\"16d7074b\" data-element_type=\"container\">\n\t\t\t\t\t<div class=\"e-con-inner\">\n\t\t<div class=\"elementor-element elementor-element-18dc2d5a e-con-full e-flex e-con e-child\" data-id=\"18dc2d5a\" data-element_type=\"container\">\n\t\t<div class=\"elementor-element elementor-element-22382d1f e-con-full e-flex e-con e-child\" data-id=\"22382d1f\" data-element_type=\"container\">\n\t\t\t\t<div class=\"elementor-element elementor-element-6355dca9 elementor-widget elementor-widget-wp-widget-custom_html\" data-id=\"6355dca9\" data-element_type=\"widget\" data-widget_type=\"wp-widget-custom_html.default\">\n\t\t\t\t<div class=\"elementor-widget-container\">\n\t\t\t<div class=\"textwidget custom-html-widget\"><section class=\"contact-clean\" aria-labelledby=\"contact-clean-title\">\r\n  <h2 id=\"contact-clean-title\">Kontakta oss<\/h2>\r\n\r\n  <p class=\"lead\">\r\n    Har du en fr\u00e5ga eller beh\u00f6ver hj\u00e4lp? V\u00e5ra engagerade team finns h\u00e4r f\u00f6r att st\u00f6tta dig \u2013 oavsett om du vill ta din anl\u00e4ggning till n\u00e4sta niv\u00e5 eller om du redan \u00e4r kund och beh\u00f6ver support. Skicka oss ett mejl s\u00e5 h\u00f6r vi av oss.\r\n  <\/p>\r\n\r\n  <div class=\"cards\" role=\"list\">\r\n    <!-- SALES -->\r\n    <article class=\"card\" role=\"listitem\">\r\n      <div class=\"icon-top\" aria-hidden=\"true\">\r\n        <!-- FA6 (fa-solid) + FA5 (fas) -->\r\n        <i class=\"fa-solid fas fa-headphones\" aria-hidden=\"true\"><\/i>\r\n      <\/div>\r\n      <h3><a href=\"#salj\" id=\"salj\" class=\"heading-link\"><i class=\"fa fa-link\"><\/i><\/a>S\u00e4lj<\/h3>\r\n      <p>\r\n        <a href=\"https:\/\/visbook.com\/free-demo\/\" target=\"_blank\" rel=\"noopener\">Boka en gratis demo<\/a><br><br>\r\n        Nyfiken p\u00e5 hur v\u00e5r l\u00f6sning funkar?\r\n        <a href=\"https:\/\/visbook.com\/free-demo\/\" target=\"_blank\" rel=\"noopener\">Fyll i formul\u00e4ret<\/a>\r\n       s\u00e5 kontaktar din lokala s\u00e4ljare dig f\u00f6r en demo.\r\n      <\/p>\r\n    <\/article>\r\n\r\n   <!-- CUSTOMER SUPPORT -->\r\n<article class=\"card\" role=\"listitem\">\r\n  <div class=\"icon-top\" aria-hidden=\"true\">\r\n    <!-- FA6 solid + FA5 solid fallback -->\r\n    <i class=\"fa-solid fas fa-face-smile fa-smile\" aria-hidden=\"true\"><\/i>\r\n  <\/div>\r\n  <h3><a href=\"#kundsupport\" id=\"kundsupport\" class=\"heading-link\"><i class=\"fa fa-link\"><\/i><\/a>Kundsupport<\/h3>\r\n  <p class=\"email\"><a href=\"mailto:support@visbook.com\">support@visbook.com<\/a><\/p>\r\n  <p>\r\n    Logga in p\u00e5 v\u00e5r <a href=\"https:\/\/jwt.visbook.com\/zendesk\/login2\" target=\"_blank\" rel=\"noopener\">kundportal<\/a>\r\n    f\u00f6r att skicka in \u00e4renden, chatta med support och ta del av hj\u00e4lpsamma guider och artiklar.\r\n  <\/p>\r\n<\/article>\r\n\r\n    <!-- PARTNERS -->\r\n    <article class=\"card\" role=\"listitem\">\r\n      <div class=\"icon-top\" aria-hidden=\"true\">\r\n        <!-- Use free link icon instead of Pro-only circles-overlap -->\r\n        <i class=\"fa-solid fas fa-link\" aria-hidden=\"true\"><\/i>\r\n      <\/div>\r\n      <h3><a href=\"#partners\" id=\"partners\" class=\"heading-link\"><i class=\"fa fa-link\"><\/i><\/a>Partners<\/h3>\r\n      <p class=\"email\"><a href=\"mailto:partners@visit.com\">partners@visit.com<\/a><\/p>\r\n      <p>\r\n        \u00c4r du intresserad av att bli partner till Visit Group?\r\n        Fyll i detta <a href=\"https:\/\/hello.visitgroup.com\/become-a-partner\" target=\"_blank\" rel=\"noopener\">formul\u00e4ret<\/a>\r\n        s\u00e5 h\u00f6r vi av oss.\r\n      <\/p>\r\n    <\/article>\r\n  <\/div>\r\n<\/section>\r\n<\/div>\t\t<\/div>\n\t\t\t\t<\/div>\n\t\t\t\t<div class=\"elementor-element elementor-element-4094e27a elementor-widget elementor-widget-wp-widget-custom_html\" data-id=\"4094e27a\" data-element_type=\"widget\" data-widget_type=\"wp-widget-custom_html.default\">\n\t\t\t\t<div class=\"elementor-widget-container\">\n\t\t\t<div class=\"textwidget custom-html-widget\"><div class=\"call-us-box\">\r\n  <h2><a href=\"#ring-oss\" id=\"ring-oss\" class=\"heading-link\"><i class=\"fa fa-link\"><\/i><\/a>Ring oss<\/h2>\r\n  <p>N\u00e4r du ringer oss kan du v\u00e4lja att prata med antingen v\u00e5rt s\u00e4ljteam eller v\u00e5r kundsupport.<\/p>\r\n\r\n  <div class=\"call-grid\">\r\n    <div class=\"call-item\">\r\n      <div class=\"call-flag\">NO<\/div>\r\n      <div class=\"call-text\">\r\n        <strong>Norge<\/strong>\r\n        <span>+47 62 48 49 80<\/span>\r\n      <\/div>\r\n    <\/div>\r\n\r\n    <div class=\"call-item\">\r\n      <div class=\"call-flag\">SE<\/div>\r\n      <div class=\"call-text\">\r\n        <strong>Sverige<\/strong>\r\n        <span>+46 (0)31 711 7500<\/span>\r\n      <\/div>\r\n    <\/div>\r\n\r\n    <div class=\"call-item\">\r\n      <div class=\"call-flag\">DK<\/div>\r\n      <div class=\"call-text\">\r\n        <strong>Danmark<\/strong>\r\n        <span>+45 70 80 12 90<\/span>\r\n      <\/div>\r\n    <\/div>\r\n\r\n    <div class=\"call-item\">\r\n      <div class=\"call-flag\">UK<\/div>\r\n      <div class=\"call-text\">\r\n        <strong>Storbritannien<\/strong>\r\n        <span>+44 (0)20 3868 1894<\/span>\r\n      <\/div>\r\n    <\/div>\r\n  <\/div>\r\n<\/div>\r\n<\/div>\t\t<\/div>\n\t\t\t\t<\/div>\n\t\t\t\t<\/div>\n\t\t\t\t<div class=\"elementor-element elementor-element-aeeaa68 elementor-widget elementor-widget-wp-widget-custom_html\" data-id=\"aeeaa68\" data-element_type=\"widget\" data-widget_type=\"wp-widget-custom_html.default\">\n\t\t\t\t<div class=\"elementor-widget-container\">\n\t\t\t<div class=\"textwidget custom-html-widget\"><section class=\"offices-wrap\" aria-labelledby=\"offices-title\">\r\n  <h2 id=\"offices-title\" class=\"offices-title elementor-heading-title\">Bes\u00f6k v\u00e5ra kontor<\/h2>\r\n  <p class=\"section-description\">\r\n    Du hittar oss p\u00e5 dessa platser i Sverige och Norge.\r\n  <\/p>\r\n\r\n  <div class=\"office-grid\">\r\n    <!-- Sweden -->\r\n    <article class=\"office-card\">\r\n      <a href=\"https:\/\/www.google.com\/maps?q=Packhusplatsen+2,+411+13+G\u00f6teborg\" target=\"_blank\" rel=\"noopener\">\r\n        <div class=\"info\">\r\n          <p class=\"address\">Packhusplatsen 2, 411 13 G\u00f6teborg<\/p>\r\n          <p class=\"country\">Sverige<\/p>\r\n        <\/div>\r\n      <\/a>\r\n    <\/article>\r\n\r\n    <!-- Norway (Oppdal) -->\r\n    <article class=\"office-card\">\r\n      <a href=\"https:\/\/www.google.com\/maps?q=Inge+Krokanns+veg+3,+7340+Oppdal\" target=\"_blank\" rel=\"noopener\">\r\n        <div class=\"info\">\r\n          <p class=\"address\">Inge Krokanns veg 3, 7340 Oppdal<\/p>\r\n          <p class=\"country\">Norge<\/p>\r\n        <\/div>\r\n      <\/a>\r\n    <\/article>\r\n\r\n    <!-- Norway (Kvikne) -->\r\n<article class=\"office-card\">\r\n  <a href=\"https:\/\/www.google.com\/maps?q=Haugan+22,+2512+Kvikne\" target=\"_blank\" rel=\"noopener\">\r\n    <p class=\"address\">Haugan 22, 2512<br>Kvikne<\/p>\r\n    <p class=\"country\">Norge<\/p>\r\n  <\/a>\r\n<\/article>\r\n<\/div>\t\t<\/div>\n\t\t\t\t<\/div>\n\t\t\t\t<\/div>\n\t\t\t\t<div class=\"elementor-element elementor-element-68b1f8a5 elementor-widget elementor-widget-wp-widget-custom_html\" data-id=\"68b1f8a5\" data-element_type=\"widget\" data-widget_type=\"wp-widget-custom_html.default\">\n\t\t\t\t<div class=\"elementor-widget-container\">\n\t\t\t<div class=\"textwidget custom-html-widget\"><\/div>\t\t<\/div>\n\t\t\t\t<\/div>\n\t\t\t\t\t<\/div>\n\t\t\t\t<\/div>\n\t\t\t\t<\/div>\n\t\t","protected":false},"excerpt":{"rendered":"","protected":false},"author":14,"featured_media":0,"parent":0,"menu_order":0,"comment_status":"closed","ping_status":"closed","template":"elementor_header_footer","meta":{"_acf_changed":false,"content-type":"","footnotes":""},"class_list":["post-1946","page","type-page","status-publish","hentry"],"acf":[],"yoast_head":"<!-- This site is optimized with the Yoast SEO plugin v27.6 - https:\/\/yoast.com\/product\/yoast-seo-wordpress\/ -->\n<title>Kontakt - VisBook<\/title>\n<meta name=\"robots\" content=\"index, follow, max-snippet:-1, max-image-preview:large, max-video-preview:-1\" \/>\n<link rel=\"canonical\" href=\"https:\/\/visbook.com\/sv\/kontakt\/\" \/>\n<meta property=\"og:locale\" content=\"sv_SE\" \/>\n<meta property=\"og:type\" content=\"article\" \/>\n<meta property=\"og:title\" content=\"Kontakt - VisBook\" \/>\n<meta property=\"og:url\" content=\"https:\/\/visbook.com\/sv\/kontakt\/\" \/>\n<meta property=\"og:site_name\" content=\"VisBook\" \/>\n<meta property=\"article:publisher\" content=\"https:\/\/www.facebook.com\/VisBookNorge\/\" \/>\n<meta property=\"article:modified_time\" content=\"2025-09-08T13:33:27+00:00\" \/>\n<meta name=\"twitter:card\" content=\"summary_large_image\" \/>\n<meta name=\"twitter:label1\" content=\"Ber\u00e4knad l\u00e4stid\" \/>\n\t<meta name=\"twitter:data1\" content=\"1 minut\" \/>\n<script type=\"application\/ld+json\" class=\"yoast-schema-graph\">{\"@context\":\"https:\\\/\\\/schema.org\",\"@graph\":[{\"@type\":\"WebPage\",\"@id\":\"https:\\\/\\\/visbook.com\\\/sv\\\/kontakt\\\/\",\"url\":\"https:\\\/\\\/visbook.com\\\/sv\\\/kontakt\\\/\",\"name\":\"Kontakt - VisBook\",\"isPartOf\":{\"@id\":\"https:\\\/\\\/visbook.com\\\/sv\\\/#website\"},\"datePublished\":\"2020-05-14T13:40:23+00:00\",\"dateModified\":\"2025-09-08T13:33:27+00:00\",\"breadcrumb\":{\"@id\":\"https:\\\/\\\/visbook.com\\\/sv\\\/kontakt\\\/#breadcrumb\"},\"inLanguage\":\"sv-SE\",\"potentialAction\":[{\"@type\":\"ReadAction\",\"target\":[\"https:\\\/\\\/visbook.com\\\/sv\\\/kontakt\\\/\"]}]},{\"@type\":\"BreadcrumbList\",\"@id\":\"https:\\\/\\\/visbook.com\\\/sv\\\/kontakt\\\/#breadcrumb\",\"itemListElement\":[{\"@type\":\"ListItem\",\"position\":1,\"name\":\"Home\",\"item\":\"https:\\\/\\\/visbook.com\\\/sv\\\/\"},{\"@type\":\"ListItem\",\"position\":2,\"name\":\"Kontakt\"}]},{\"@type\":\"WebSite\",\"@id\":\"https:\\\/\\\/visbook.com\\\/sv\\\/#website\",\"url\":\"https:\\\/\\\/visbook.com\\\/sv\\\/\",\"name\":\"Visbook\",\"description\":\"Less admin. More fun.\",\"publisher\":{\"@id\":\"https:\\\/\\\/visbook.com\\\/sv\\\/#organization\"},\"potentialAction\":[{\"@type\":\"SearchAction\",\"target\":{\"@type\":\"EntryPoint\",\"urlTemplate\":\"https:\\\/\\\/visbook.com\\\/sv\\\/?s={search_term_string}\"},\"query-input\":{\"@type\":\"PropertyValueSpecification\",\"valueRequired\":true,\"valueName\":\"search_term_string\"}}],\"inLanguage\":\"sv-SE\"},{\"@type\":\"Organization\",\"@id\":\"https:\\\/\\\/visbook.com\\\/sv\\\/#organization\",\"name\":\"VisbookAB\",\"url\":\"https:\\\/\\\/visbook.com\\\/sv\\\/\",\"logo\":{\"@type\":\"ImageObject\",\"inLanguage\":\"sv-SE\",\"@id\":\"https:\\\/\\\/visbook.com\\\/sv\\\/#\\\/schema\\\/logo\\\/image\\\/\",\"url\":\"https:\\\/\\\/visbook.com\\\/wp-content\\\/uploads\\\/2020\\\/05\\\/Visbook_Liggande_Vit.png\",\"contentUrl\":\"https:\\\/\\\/visbook.com\\\/wp-content\\\/uploads\\\/2020\\\/05\\\/Visbook_Liggande_Vit.png\",\"width\":789,\"height\":122,\"caption\":\"VisbookAB\"},\"image\":{\"@id\":\"https:\\\/\\\/visbook.com\\\/sv\\\/#\\\/schema\\\/logo\\\/image\\\/\"},\"sameAs\":[\"https:\\\/\\\/www.facebook.com\\\/VisBookNorge\\\/\",\"https:\\\/\\\/www.instagram.com\\\/visbookgroup\\\/\",\"https:\\\/\\\/www.linkedin.com\\\/company\\\/visbook-as\\\/\"]}]}<\/script>\n<!-- \/ Yoast SEO plugin. -->","yoast_head_json":{"title":"Kontakt - VisBook","robots":{"index":"index","follow":"follow","max-snippet":"max-snippet:-1","max-image-preview":"max-image-preview:large","max-video-preview":"max-video-preview:-1"},"canonical":"https:\/\/visbook.com\/sv\/kontakt\/","og_locale":"sv_SE","og_type":"article","og_title":"Kontakt - VisBook","og_url":"https:\/\/visbook.com\/sv\/kontakt\/","og_site_name":"VisBook","article_publisher":"https:\/\/www.facebook.com\/VisBookNorge\/","article_modified_time":"2025-09-08T13:33:27+00:00","twitter_card":"summary_large_image","twitter_misc":{"Ber\u00e4knad l\u00e4stid":"1 minut"},"schema":{"@context":"https:\/\/schema.org","@graph":[{"@type":"WebPage","@id":"https:\/\/visbook.com\/sv\/kontakt\/","url":"https:\/\/visbook.com\/sv\/kontakt\/","name":"Kontakt - VisBook","isPartOf":{"@id":"https:\/\/visbook.com\/sv\/#website"},"datePublished":"2020-05-14T13:40:23+00:00","dateModified":"2025-09-08T13:33:27+00:00","breadcrumb":{"@id":"https:\/\/visbook.com\/sv\/kontakt\/#breadcrumb"},"inLanguage":"sv-SE","potentialAction":[{"@type":"ReadAction","target":["https:\/\/visbook.com\/sv\/kontakt\/"]}]},{"@type":"BreadcrumbList","@id":"https:\/\/visbook.com\/sv\/kontakt\/#breadcrumb","itemListElement":[{"@type":"ListItem","position":1,"name":"Home","item":"https:\/\/visbook.com\/sv\/"},{"@type":"ListItem","position":2,"name":"Kontakt"}]},{"@type":"WebSite","@id":"https:\/\/visbook.com\/sv\/#website","url":"https:\/\/visbook.com\/sv\/","name":"Visbook","description":"Less admin. More fun.","publisher":{"@id":"https:\/\/visbook.com\/sv\/#organization"},"potentialAction":[{"@type":"SearchAction","target":{"@type":"EntryPoint","urlTemplate":"https:\/\/visbook.com\/sv\/?s={search_term_string}"},"query-input":{"@type":"PropertyValueSpecification","valueRequired":true,"valueName":"search_term_string"}}],"inLanguage":"sv-SE"},{"@type":"Organization","@id":"https:\/\/visbook.com\/sv\/#organization","name":"VisbookAB","url":"https:\/\/visbook.com\/sv\/","logo":{"@type":"ImageObject","inLanguage":"sv-SE","@id":"https:\/\/visbook.com\/sv\/#\/schema\/logo\/image\/","url":"https:\/\/visbook.com\/wp-content\/uploads\/2020\/05\/Visbook_Liggande_Vit.png","contentUrl":"https:\/\/visbook.com\/wp-content\/uploads\/2020\/05\/Visbook_Liggande_Vit.png","width":789,"height":122,"caption":"VisbookAB"},"image":{"@id":"https:\/\/visbook.com\/sv\/#\/schema\/logo\/image\/"},"sameAs":["https:\/\/www.facebook.com\/VisBookNorge\/","https:\/\/www.instagram.com\/visbookgroup\/","https:\/\/www.linkedin.com\/company\/visbook-as\/"]}]}},"_links":{"self":[{"href":"https:\/\/visbook.com\/sv\/wp-json\/wp\/v2\/pages\/1946","targetHints":{"allow":["GET"]}}],"collection":[{"href":"https:\/\/visbook.com\/sv\/wp-json\/wp\/v2\/pages"}],"about":[{"href":"https:\/\/visbook.com\/sv\/wp-json\/wp\/v2\/types\/page"}],"author":[{"embeddable":true,"href":"https:\/\/visbook.com\/sv\/wp-json\/wp\/v2\/users\/14"}],"replies":[{"embeddable":true,"href":"https:\/\/visbook.com\/sv\/wp-json\/wp\/v2\/comments?post=1946"}],"version-history":[{"count":34,"href":"https:\/\/visbook.com\/sv\/wp-json\/wp\/v2\/pages\/1946\/revisions"}],"predecessor-version":[{"id":9997,"href":"https:\/\/visbook.com\/sv\/wp-json\/wp\/v2\/pages\/1946\/revisions\/9997"}],"wp:attachment":[{"href":"https:\/\/visbook.com\/sv\/wp-json\/wp\/v2\/media?parent=1946"}],"curies":[{"name":"wp","href":"https:\/\/api.w.org\/{rel}","templated":true}]}}