{"id":1953,"date":"2020-05-14T13:39:56","date_gmt":"2020-05-14T13:39:56","guid":{"rendered":"https:\/\/visbook.com\/our-features\/"},"modified":"2026-04-22T15:50:56","modified_gmt":"2026-04-22T13:50:56","slug":"funktioner","status":"publish","type":"page","link":"https:\/\/visbook.com\/sv\/funktioner\/","title":{"rendered":"VisBooks Funktioner"},"content":{"rendered":"","protected":false},"excerpt":{"rendered":"","protected":false},"author":14,"featured_media":0,"parent":0,"menu_order":0,"comment_status":"closed","ping_status":"closed","template":"page-templates\/our-features.php","meta":{"_acf_changed":false,"content-type":"","footnotes":""},"class_list":["post-1953","page","type-page","status-publish","hentry"],"acf":[],"yoast_head":"<!-- This site is optimized with the Yoast SEO plugin v27.4 - https:\/\/yoast.com\/product\/yoast-seo-wordpress\/ -->\n<title>VisBooks Funktioner - VisBook<\/title>\n<meta name=\"description\" content=\"Vi har skapat ett komplett hotellsystem (PMS) f\u00f6r ditt hotell, utformat f\u00f6r varje \u00f6gonblick i den dagliga driften. H\u00e4r kan du l\u00e4sa mer om VisBooks nyckelfunktioner och n\u00e5gra anv\u00e4ndbara add-ons.\" \/>\n<meta name=\"robots\" content=\"index, follow, max-snippet:-1, max-image-preview:large, max-video-preview:-1\" \/>\n<link rel=\"canonical\" href=\"https:\/\/visbook.com\/sv\/funktioner\/\" \/>\n<meta property=\"og:locale\" content=\"sv_SE\" \/>\n<meta property=\"og:type\" content=\"article\" \/>\n<meta property=\"og:title\" content=\"VisBooks Funktioner - VisBook\" \/>\n<meta property=\"og:description\" content=\"Vi har skapat ett komplett hotellsystem (PMS) f\u00f6r ditt hotell, utformat f\u00f6r varje \u00f6gonblick i den dagliga driften. H\u00e4r kan du l\u00e4sa mer om VisBooks nyckelfunktioner och n\u00e5gra anv\u00e4ndbara add-ons.\" \/>\n<meta property=\"og:url\" content=\"https:\/\/visbook.com\/sv\/funktioner\/\" \/>\n<meta property=\"og:site_name\" content=\"VisBook\" \/>\n<meta property=\"article:publisher\" content=\"https:\/\/www.facebook.com\/VisBookNorge\/\" \/>\n<meta property=\"article:modified_time\" content=\"2026-04-22T13:50:56+00:00\" \/>\n<meta name=\"twitter:card\" content=\"summary_large_image\" \/>\n<script type=\"application\/ld+json\" class=\"yoast-schema-graph\">{\"@context\":\"https:\\\/\\\/schema.org\",\"@graph\":[{\"@type\":\"WebPage\",\"@id\":\"https:\\\/\\\/visbook.com\\\/sv\\\/funktioner\\\/\",\"url\":\"https:\\\/\\\/visbook.com\\\/sv\\\/funktioner\\\/\",\"name\":\"VisBooks Funktioner - VisBook\",\"isPartOf\":{\"@id\":\"https:\\\/\\\/visbook.com\\\/sv\\\/#website\"},\"datePublished\":\"2020-05-14T13:39:56+00:00\",\"dateModified\":\"2026-04-22T13:50:56+00:00\",\"description\":\"Vi har skapat ett komplett hotellsystem (PMS) f\u00f6r ditt hotell, utformat f\u00f6r varje \u00f6gonblick i den dagliga driften. H\u00e4r kan du l\u00e4sa mer om VisBooks nyckelfunktioner och n\u00e5gra anv\u00e4ndbara add-ons.\",\"breadcrumb\":{\"@id\":\"https:\\\/\\\/visbook.com\\\/sv\\\/funktioner\\\/#breadcrumb\"},\"inLanguage\":\"sv-SE\",\"potentialAction\":[{\"@type\":\"ReadAction\",\"target\":[\"https:\\\/\\\/visbook.com\\\/sv\\\/funktioner\\\/\"]}]},{\"@type\":\"BreadcrumbList\",\"@id\":\"https:\\\/\\\/visbook.com\\\/sv\\\/funktioner\\\/#breadcrumb\",\"itemListElement\":[{\"@type\":\"ListItem\",\"position\":1,\"name\":\"Home\",\"item\":\"https:\\\/\\\/visbook.com\\\/sv\\\/\"},{\"@type\":\"ListItem\",\"position\":2,\"name\":\"VisBooks Funktioner\"}]},{\"@type\":\"WebSite\",\"@id\":\"https:\\\/\\\/visbook.com\\\/sv\\\/#website\",\"url\":\"https:\\\/\\\/visbook.com\\\/sv\\\/\",\"name\":\"Visbook\",\"description\":\"Less admin. More fun.\",\"publisher\":{\"@id\":\"https:\\\/\\\/visbook.com\\\/sv\\\/#organization\"},\"potentialAction\":[{\"@type\":\"SearchAction\",\"target\":{\"@type\":\"EntryPoint\",\"urlTemplate\":\"https:\\\/\\\/visbook.com\\\/sv\\\/?s={search_term_string}\"},\"query-input\":{\"@type\":\"PropertyValueSpecification\",\"valueRequired\":true,\"valueName\":\"search_term_string\"}}],\"inLanguage\":\"sv-SE\"},{\"@type\":\"Organization\",\"@id\":\"https:\\\/\\\/visbook.com\\\/sv\\\/#organization\",\"name\":\"VisbookAB\",\"url\":\"https:\\\/\\\/visbook.com\\\/sv\\\/\",\"logo\":{\"@type\":\"ImageObject\",\"inLanguage\":\"sv-SE\",\"@id\":\"https:\\\/\\\/visbook.com\\\/sv\\\/#\\\/schema\\\/logo\\\/image\\\/\",\"url\":\"https:\\\/\\\/visbook.com\\\/wp-content\\\/uploads\\\/2020\\\/05\\\/Visbook_Liggande_Vit.png\",\"contentUrl\":\"https:\\\/\\\/visbook.com\\\/wp-content\\\/uploads\\\/2020\\\/05\\\/Visbook_Liggande_Vit.png\",\"width\":789,\"height\":122,\"caption\":\"VisbookAB\"},\"image\":{\"@id\":\"https:\\\/\\\/visbook.com\\\/sv\\\/#\\\/schema\\\/logo\\\/image\\\/\"},\"sameAs\":[\"https:\\\/\\\/www.facebook.com\\\/VisBookNorge\\\/\",\"https:\\\/\\\/www.instagram.com\\\/visbookgroup\\\/\",\"https:\\\/\\\/www.linkedin.com\\\/company\\\/visbook-as\\\/\"]}]}<\/script>\n<!-- \/ Yoast SEO plugin. -->","yoast_head_json":{"title":"VisBooks Funktioner - VisBook","description":"Vi har skapat ett komplett hotellsystem (PMS) f\u00f6r ditt hotell, utformat f\u00f6r varje \u00f6gonblick i den dagliga driften. H\u00e4r kan du l\u00e4sa mer om VisBooks nyckelfunktioner och n\u00e5gra anv\u00e4ndbara add-ons.","robots":{"index":"index","follow":"follow","max-snippet":"max-snippet:-1","max-image-preview":"max-image-preview:large","max-video-preview":"max-video-preview:-1"},"canonical":"https:\/\/visbook.com\/sv\/funktioner\/","og_locale":"sv_SE","og_type":"article","og_title":"VisBooks Funktioner - VisBook","og_description":"Vi har skapat ett komplett hotellsystem (PMS) f\u00f6r ditt hotell, utformat f\u00f6r varje \u00f6gonblick i den dagliga driften. H\u00e4r kan du l\u00e4sa mer om VisBooks nyckelfunktioner och n\u00e5gra anv\u00e4ndbara add-ons.","og_url":"https:\/\/visbook.com\/sv\/funktioner\/","og_site_name":"VisBook","article_publisher":"https:\/\/www.facebook.com\/VisBookNorge\/","article_modified_time":"2026-04-22T13:50:56+00:00","twitter_card":"summary_large_image","schema":{"@context":"https:\/\/schema.org","@graph":[{"@type":"WebPage","@id":"https:\/\/visbook.com\/sv\/funktioner\/","url":"https:\/\/visbook.com\/sv\/funktioner\/","name":"VisBooks Funktioner - VisBook","isPartOf":{"@id":"https:\/\/visbook.com\/sv\/#website"},"datePublished":"2020-05-14T13:39:56+00:00","dateModified":"2026-04-22T13:50:56+00:00","description":"Vi har skapat ett komplett hotellsystem (PMS) f\u00f6r ditt hotell, utformat f\u00f6r varje \u00f6gonblick i den dagliga driften. H\u00e4r kan du l\u00e4sa mer om VisBooks nyckelfunktioner och n\u00e5gra anv\u00e4ndbara add-ons.","breadcrumb":{"@id":"https:\/\/visbook.com\/sv\/funktioner\/#breadcrumb"},"inLanguage":"sv-SE","potentialAction":[{"@type":"ReadAction","target":["https:\/\/visbook.com\/sv\/funktioner\/"]}]},{"@type":"BreadcrumbList","@id":"https:\/\/visbook.com\/sv\/funktioner\/#breadcrumb","itemListElement":[{"@type":"ListItem","position":1,"name":"Home","item":"https:\/\/visbook.com\/sv\/"},{"@type":"ListItem","position":2,"name":"VisBooks Funktioner"}]},{"@type":"WebSite","@id":"https:\/\/visbook.com\/sv\/#website","url":"https:\/\/visbook.com\/sv\/","name":"Visbook","description":"Less admin. More fun.","publisher":{"@id":"https:\/\/visbook.com\/sv\/#organization"},"potentialAction":[{"@type":"SearchAction","target":{"@type":"EntryPoint","urlTemplate":"https:\/\/visbook.com\/sv\/?s={search_term_string}"},"query-input":{"@type":"PropertyValueSpecification","valueRequired":true,"valueName":"search_term_string"}}],"inLanguage":"sv-SE"},{"@type":"Organization","@id":"https:\/\/visbook.com\/sv\/#organization","name":"VisbookAB","url":"https:\/\/visbook.com\/sv\/","logo":{"@type":"ImageObject","inLanguage":"sv-SE","@id":"https:\/\/visbook.com\/sv\/#\/schema\/logo\/image\/","url":"https:\/\/visbook.com\/wp-content\/uploads\/2020\/05\/Visbook_Liggande_Vit.png","contentUrl":"https:\/\/visbook.com\/wp-content\/uploads\/2020\/05\/Visbook_Liggande_Vit.png","width":789,"height":122,"caption":"VisbookAB"},"image":{"@id":"https:\/\/visbook.com\/sv\/#\/schema\/logo\/image\/"},"sameAs":["https:\/\/www.facebook.com\/VisBookNorge\/","https:\/\/www.instagram.com\/visbookgroup\/","https:\/\/www.linkedin.com\/company\/visbook-as\/"]}]}},"_links":{"self":[{"href":"https:\/\/visbook.com\/sv\/wp-json\/wp\/v2\/pages\/1953","targetHints":{"allow":["GET"]}}],"collection":[{"href":"https:\/\/visbook.com\/sv\/wp-json\/wp\/v2\/pages"}],"about":[{"href":"https:\/\/visbook.com\/sv\/wp-json\/wp\/v2\/types\/page"}],"author":[{"embeddable":true,"href":"https:\/\/visbook.com\/sv\/wp-json\/wp\/v2\/users\/14"}],"replies":[{"embeddable":true,"href":"https:\/\/visbook.com\/sv\/wp-json\/wp\/v2\/comments?post=1953"}],"version-history":[{"count":17,"href":"https:\/\/visbook.com\/sv\/wp-json\/wp\/v2\/pages\/1953\/revisions"}],"predecessor-version":[{"id":10317,"href":"https:\/\/visbook.com\/sv\/wp-json\/wp\/v2\/pages\/1953\/revisions\/10317"}],"wp:attachment":[{"href":"https:\/\/visbook.com\/sv\/wp-json\/wp\/v2\/media?parent=1953"}],"curies":[{"name":"wp","href":"https:\/\/api.w.org\/{rel}","templated":true}]}}