{"id":3929,"date":"2022-03-22T19:13:20","date_gmt":"2022-03-22T17:13:20","guid":{"rendered":"https:\/\/visbook.com\/?page_id=3929"},"modified":"2022-03-24T08:52:11","modified_gmt":"2022-03-24T06:52:11","slug":"hotellbokningssystem-crm","status":"publish","type":"page","link":"https:\/\/visbook.com\/sv\/hotellbokningssystem-crm\/","title":{"rendered":"CRM-system f\u00f6r hotell"},"content":{"rendered":"","protected":false},"excerpt":{"rendered":"","protected":false},"author":2,"featured_media":0,"parent":0,"menu_order":0,"comment_status":"closed","ping_status":"closed","template":"page-templates\/flexible-template.php","meta":{"_acf_changed":false,"content-type":"","footnotes":""},"class_list":["post-3929","page","type-page","status-publish","hentry"],"acf":[],"yoast_head":"<!-- This site is optimized with the Yoast SEO plugin v27.4 - https:\/\/yoast.com\/product\/yoast-seo-wordpress\/ -->\n<title>CRM-system f\u00f6r hotell - VisBook | Ett CRM-system f\u00f6r det moderna hotellet<\/title>\n<meta name=\"description\" content=\"V\u00e4lj ett CRM-system f\u00f6r hotell, som g\u00f6r det enkelt att hantera lojalitetsprogram, kundregister och uppf\u00f6ljning. L\u00e4s mer om Visbooks program med allt-i-ett.\" \/>\n<meta name=\"robots\" content=\"index, follow, max-snippet:-1, max-image-preview:large, max-video-preview:-1\" \/>\n<link rel=\"canonical\" href=\"https:\/\/visbook.com\/sv\/hotellbokningssystem-crm\/\" \/>\n<meta property=\"og:locale\" content=\"sv_SE\" \/>\n<meta property=\"og:type\" content=\"article\" \/>\n<meta property=\"og:title\" content=\"CRM-system f\u00f6r hotell - VisBook | Ett CRM-system f\u00f6r det moderna hotellet\" \/>\n<meta property=\"og:description\" content=\"V\u00e4lj ett CRM-system f\u00f6r hotell, som g\u00f6r det enkelt att hantera lojalitetsprogram, kundregister och uppf\u00f6ljning. L\u00e4s mer om Visbooks program med allt-i-ett.\" \/>\n<meta property=\"og:url\" content=\"https:\/\/visbook.com\/sv\/hotellbokningssystem-crm\/\" \/>\n<meta property=\"og:site_name\" content=\"VisBook\" \/>\n<meta property=\"article:publisher\" content=\"https:\/\/www.facebook.com\/VisBookNorge\/\" \/>\n<meta property=\"article:modified_time\" content=\"2022-03-24T06:52:11+00:00\" \/>\n<meta name=\"twitter:card\" content=\"summary_large_image\" \/>\n<script type=\"application\/ld+json\" class=\"yoast-schema-graph\">{\"@context\":\"https:\\\/\\\/schema.org\",\"@graph\":[{\"@type\":\"WebPage\",\"@id\":\"https:\\\/\\\/visbook.com\\\/sv\\\/hotellbokningssystem-crm\\\/\",\"url\":\"https:\\\/\\\/visbook.com\\\/sv\\\/hotellbokningssystem-crm\\\/\",\"name\":\"CRM-system f\u00f6r hotell - VisBook | Ett CRM-system f\u00f6r det moderna hotellet\",\"isPartOf\":{\"@id\":\"https:\\\/\\\/visbook.com\\\/sv\\\/#website\"},\"datePublished\":\"2022-03-22T17:13:20+00:00\",\"dateModified\":\"2022-03-24T06:52:11+00:00\",\"description\":\"V\u00e4lj ett CRM-system f\u00f6r hotell, som g\u00f6r det enkelt att hantera lojalitetsprogram, kundregister och uppf\u00f6ljning. L\u00e4s mer om Visbooks program med allt-i-ett.\",\"breadcrumb\":{\"@id\":\"https:\\\/\\\/visbook.com\\\/sv\\\/hotellbokningssystem-crm\\\/#breadcrumb\"},\"inLanguage\":\"sv-SE\",\"potentialAction\":[{\"@type\":\"ReadAction\",\"target\":[\"https:\\\/\\\/visbook.com\\\/sv\\\/hotellbokningssystem-crm\\\/\"]}]},{\"@type\":\"BreadcrumbList\",\"@id\":\"https:\\\/\\\/visbook.com\\\/sv\\\/hotellbokningssystem-crm\\\/#breadcrumb\",\"itemListElement\":[{\"@type\":\"ListItem\",\"position\":1,\"name\":\"Home\",\"item\":\"https:\\\/\\\/visbook.com\\\/sv\\\/\"},{\"@type\":\"ListItem\",\"position\":2,\"name\":\"CRM-system f\u00f6r hotell\"}]},{\"@type\":\"WebSite\",\"@id\":\"https:\\\/\\\/visbook.com\\\/sv\\\/#website\",\"url\":\"https:\\\/\\\/visbook.com\\\/sv\\\/\",\"name\":\"Visbook\",\"description\":\"Less admin. More fun.\",\"publisher\":{\"@id\":\"https:\\\/\\\/visbook.com\\\/sv\\\/#organization\"},\"potentialAction\":[{\"@type\":\"SearchAction\",\"target\":{\"@type\":\"EntryPoint\",\"urlTemplate\":\"https:\\\/\\\/visbook.com\\\/sv\\\/?s={search_term_string}\"},\"query-input\":{\"@type\":\"PropertyValueSpecification\",\"valueRequired\":true,\"valueName\":\"search_term_string\"}}],\"inLanguage\":\"sv-SE\"},{\"@type\":\"Organization\",\"@id\":\"https:\\\/\\\/visbook.com\\\/sv\\\/#organization\",\"name\":\"VisbookAB\",\"url\":\"https:\\\/\\\/visbook.com\\\/sv\\\/\",\"logo\":{\"@type\":\"ImageObject\",\"inLanguage\":\"sv-SE\",\"@id\":\"https:\\\/\\\/visbook.com\\\/sv\\\/#\\\/schema\\\/logo\\\/image\\\/\",\"url\":\"https:\\\/\\\/visbook.com\\\/wp-content\\\/uploads\\\/2020\\\/05\\\/Visbook_Liggande_Vit.png\",\"contentUrl\":\"https:\\\/\\\/visbook.com\\\/wp-content\\\/uploads\\\/2020\\\/05\\\/Visbook_Liggande_Vit.png\",\"width\":789,\"height\":122,\"caption\":\"VisbookAB\"},\"image\":{\"@id\":\"https:\\\/\\\/visbook.com\\\/sv\\\/#\\\/schema\\\/logo\\\/image\\\/\"},\"sameAs\":[\"https:\\\/\\\/www.facebook.com\\\/VisBookNorge\\\/\",\"https:\\\/\\\/www.instagram.com\\\/visbookgroup\\\/\",\"https:\\\/\\\/www.linkedin.com\\\/company\\\/visbook-as\\\/\"]}]}<\/script>\n<!-- \/ Yoast SEO plugin. -->","yoast_head_json":{"title":"CRM-system f\u00f6r hotell - VisBook | Ett CRM-system f\u00f6r det moderna hotellet","description":"V\u00e4lj ett CRM-system f\u00f6r hotell, som g\u00f6r det enkelt att hantera lojalitetsprogram, kundregister och uppf\u00f6ljning. L\u00e4s mer om Visbooks program med allt-i-ett.","robots":{"index":"index","follow":"follow","max-snippet":"max-snippet:-1","max-image-preview":"max-image-preview:large","max-video-preview":"max-video-preview:-1"},"canonical":"https:\/\/visbook.com\/sv\/hotellbokningssystem-crm\/","og_locale":"sv_SE","og_type":"article","og_title":"CRM-system f\u00f6r hotell - VisBook | Ett CRM-system f\u00f6r det moderna hotellet","og_description":"V\u00e4lj ett CRM-system f\u00f6r hotell, som g\u00f6r det enkelt att hantera lojalitetsprogram, kundregister och uppf\u00f6ljning. L\u00e4s mer om Visbooks program med allt-i-ett.","og_url":"https:\/\/visbook.com\/sv\/hotellbokningssystem-crm\/","og_site_name":"VisBook","article_publisher":"https:\/\/www.facebook.com\/VisBookNorge\/","article_modified_time":"2022-03-24T06:52:11+00:00","twitter_card":"summary_large_image","schema":{"@context":"https:\/\/schema.org","@graph":[{"@type":"WebPage","@id":"https:\/\/visbook.com\/sv\/hotellbokningssystem-crm\/","url":"https:\/\/visbook.com\/sv\/hotellbokningssystem-crm\/","name":"CRM-system f\u00f6r hotell - VisBook | Ett CRM-system f\u00f6r det moderna hotellet","isPartOf":{"@id":"https:\/\/visbook.com\/sv\/#website"},"datePublished":"2022-03-22T17:13:20+00:00","dateModified":"2022-03-24T06:52:11+00:00","description":"V\u00e4lj ett CRM-system f\u00f6r hotell, som g\u00f6r det enkelt att hantera lojalitetsprogram, kundregister och uppf\u00f6ljning. L\u00e4s mer om Visbooks program med allt-i-ett.","breadcrumb":{"@id":"https:\/\/visbook.com\/sv\/hotellbokningssystem-crm\/#breadcrumb"},"inLanguage":"sv-SE","potentialAction":[{"@type":"ReadAction","target":["https:\/\/visbook.com\/sv\/hotellbokningssystem-crm\/"]}]},{"@type":"BreadcrumbList","@id":"https:\/\/visbook.com\/sv\/hotellbokningssystem-crm\/#breadcrumb","itemListElement":[{"@type":"ListItem","position":1,"name":"Home","item":"https:\/\/visbook.com\/sv\/"},{"@type":"ListItem","position":2,"name":"CRM-system f\u00f6r hotell"}]},{"@type":"WebSite","@id":"https:\/\/visbook.com\/sv\/#website","url":"https:\/\/visbook.com\/sv\/","name":"Visbook","description":"Less admin. More fun.","publisher":{"@id":"https:\/\/visbook.com\/sv\/#organization"},"potentialAction":[{"@type":"SearchAction","target":{"@type":"EntryPoint","urlTemplate":"https:\/\/visbook.com\/sv\/?s={search_term_string}"},"query-input":{"@type":"PropertyValueSpecification","valueRequired":true,"valueName":"search_term_string"}}],"inLanguage":"sv-SE"},{"@type":"Organization","@id":"https:\/\/visbook.com\/sv\/#organization","name":"VisbookAB","url":"https:\/\/visbook.com\/sv\/","logo":{"@type":"ImageObject","inLanguage":"sv-SE","@id":"https:\/\/visbook.com\/sv\/#\/schema\/logo\/image\/","url":"https:\/\/visbook.com\/wp-content\/uploads\/2020\/05\/Visbook_Liggande_Vit.png","contentUrl":"https:\/\/visbook.com\/wp-content\/uploads\/2020\/05\/Visbook_Liggande_Vit.png","width":789,"height":122,"caption":"VisbookAB"},"image":{"@id":"https:\/\/visbook.com\/sv\/#\/schema\/logo\/image\/"},"sameAs":["https:\/\/www.facebook.com\/VisBookNorge\/","https:\/\/www.instagram.com\/visbookgroup\/","https:\/\/www.linkedin.com\/company\/visbook-as\/"]}]}},"_links":{"self":[{"href":"https:\/\/visbook.com\/sv\/wp-json\/wp\/v2\/pages\/3929","targetHints":{"allow":["GET"]}}],"collection":[{"href":"https:\/\/visbook.com\/sv\/wp-json\/wp\/v2\/pages"}],"about":[{"href":"https:\/\/visbook.com\/sv\/wp-json\/wp\/v2\/types\/page"}],"author":[{"embeddable":true,"href":"https:\/\/visbook.com\/sv\/wp-json\/wp\/v2\/users\/2"}],"replies":[{"embeddable":true,"href":"https:\/\/visbook.com\/sv\/wp-json\/wp\/v2\/comments?post=3929"}],"version-history":[{"count":34,"href":"https:\/\/visbook.com\/sv\/wp-json\/wp\/v2\/pages\/3929\/revisions"}],"predecessor-version":[{"id":3979,"href":"https:\/\/visbook.com\/sv\/wp-json\/wp\/v2\/pages\/3929\/revisions\/3979"}],"wp:attachment":[{"href":"https:\/\/visbook.com\/sv\/wp-json\/wp\/v2\/media?parent=3929"}],"curies":[{"name":"wp","href":"https:\/\/api.w.org\/{rel}","templated":true}]}}